{"id":4349,"date":"2026-02-24T20:50:36","date_gmt":"2026-02-24T20:50:36","guid":{"rendered":"https:\/\/2026.artefacto-conf.org\/?page_id=4349"},"modified":"2026-04-10T12:43:32","modified_gmt":"2026-04-10T12:43:32","slug":"organization","status":"publish","type":"page","link":"https:\/\/2026.artefacto-conf.org\/index.php\/organization\/","title":{"rendered":"ORGANIZATION"},"content":{"rendered":"\n<h1 class=\"wp-block-heading has-x-large-font-size\">ARTeFACTo 2026 Organization<\/h1>\n\n\n\n<h2 class=\"wp-block-heading has-black-color has-text-color has-link-color wp-elements-efce044150205d160d6c9286925696ae\" style=\"font-size:16px\"><strong>Institutions:<\/strong><\/h2>\n\n\n\n<ul style=\"font-size:16px\" class=\"wp-block-list has-black-color has-text-color has-link-color wp-elements-74a89c8bf3b75e3ce3f23ceaf3c79e2f\">\n<li><a href=\"https:\/\/www.ipbeja.pt\/en\/Pages\/default.aspx\"><mark style=\"background-color:rgba(0, 0, 0, 0)\" class=\"has-inline-color has-vivid-red-color\">Politechnic University of Beja<\/mark><\/a> \/ <a href=\"https:\/\/www.ipbeja.pt\/idesenvolvimento\/Laboratorios\/labACM\/Paginas\/Investigacao.aspx\"><mark style=\"background-color:rgba(0, 0, 0, 0)\" class=\"has-inline-color has-vivid-red-color\">ACM (Lab of Art and Multimedia Communication)<\/mark><\/a><\/li>\n\n\n\n<li><a href=\"https:\/\/artech-international.org\/\"><mark style=\"background-color:rgba(0, 0, 0, 0)\" class=\"has-inline-color has-vivid-red-color\">The Artech-International Association<\/mark><\/a><\/li>\n<\/ul>\n\n\n\n<h2 class=\"wp-block-heading has-black-color has-text-color has-link-color wp-elements-aa82cbab1df6495c7bae7ee7b8a705ef\" style=\"font-size:16px\"><strong _istranslated=\"1\"><strong>Honorary Chairman<\/strong>:<\/strong><\/h2>\n\n\n\n<ul style=\"font-size:16px\" class=\"wp-block-list has-black-color has-text-color has-link-color wp-elements-c6eb5ce795599a3e22d210a7236a3d30\">\n<li>Ad\u00e9rito Fernandes-Marcos, University of Saint Joseph in Macau (MO) \/ Artech-International<\/li>\n<\/ul>\n\n\n\n<p class=\"has-black-color has-text-color has-link-color wp-elements-e1da3d65dc035206a75b5e048a166144\" style=\"font-size:16px\"><strong _istranslated=\"1\"><strong>Conference Chairs<\/strong>:<\/strong><\/p>\n\n\n\n<ul style=\"font-size:16px\" class=\"wp-block-list has-black-color has-text-color has-link-color wp-elements-4ad0dd6fd1bf009fa02a3d7fa54e3760\">\n<li>Aldo Passarinho, Politechnic University of Beja \/ ACM (PT) (<strong>General Chairman<\/strong>)<\/li>\n\n\n\n<li>Tiago Caldas Nunes, Politechnic University of Beja \/ ACM (PT) (<strong>General Co-chairman<\/strong>)<\/li>\n<\/ul>\n\n\n\n<p class=\"has-black-color has-text-color has-link-color wp-elements-b33465409357b665f0e32efec2a9d5ed\" style=\"font-size:16px\"><strong _istranslated=\"1\"><strong>International Scientific and Art Committee<\/strong>:<\/strong><\/p>\n\n\n\n<ul style=\"font-size:16px\" class=\"wp-block-list has-black-color has-text-color has-link-color wp-elements-ec32ab14b356e84a04c0119a813147e9\">\n<li>Selma Pereira, CICANT, ISMAT- Ensino Lus\u00f3fona (PT) (<strong>President<\/strong>)<\/li>\n\n\n\n<li>Rui Travasso, Politechnic University of Beja (PT) (<strong>Vice-President<\/strong>)<\/li>\n\n\n\n<li>Ant\u00f3nio Carvalho Maneira, University of Saint Joseph in Macau (MO) (<strong>Vice-President<\/strong>)<\/li>\n<\/ul>\n\n\n\n<p class=\"has-black-color has-text-color has-link-color wp-elements-b47c3722cebb87d7864aeea181d31e94\" style=\"font-size:16px\"><strong _istranslated=\"1\"><strong>Committee Members<\/strong>:<\/strong><\/p>\n\n\n\n<ul style=\"font-size:16px\" class=\"wp-block-list has-black-color has-text-color has-link-color wp-elements-e18eb055dd93d616130d89798f786708\">\n<li>Ad\u00e9rito Fernandes-Marcos, University of Saint Joseph in Macau (MO)<\/li>\n\n\n\n<li>Alberto S\u00e1, University of Minho (PT)<\/li>\n\n\n\n<li>Aleksei Lipovka, Federal University of Siberia (RU)<\/li>\n\n\n\n<li>Alicia Gonz\u00e1lez-P\u00e9rez, University of Extremadura (ES)<\/li>\n\n\n\n<li>Am\u00edlcar Cardoso, University of Coimbra (PT)<\/li>\n\n\n\n<li>Ana Am\u00e9lia Carvalho, University of Coimbra (PT)<\/li>\n\n\n\n<li>Ana Gago, Universidade Cat\u00f3lica Portuguesa (PT)<\/li>\n\n\n\n<li>Ana Perfeito, Politechnic University of Beja \/ ACM (PT)<\/li>\n\n\n\n<li>Anamaria Rezende Galeotti, Anhembi Morumbi University (BR)<\/li>\n\n\n\n<li>Andr\u00e9 Baltazar, Universidade Cat\u00f3lica Portuguesa (PT)<\/li>\n\n\n\n<li>Andr\u00e9 Wilson Salgado, Federal Institute of Amazonas (BR)<\/li>\n\n\n\n<li>Anthony Lewis Brooks, University of Aalborg (DK)<\/li>\n\n\n\n<li>Ant\u00f3nio Costa Valente, University of Algarve (PT)<\/li>\n\n\n\n<li>\u00c1urea Mu\u00f1\u00f3z del Amo, University of Sevilla (ES)<\/li>\n\n\n\n<li>Benjamin Falchuk, Perspecta Labs (EUA)<\/li>\n\n\n\n<li>Bruno Mendes da Silva, University of Algarve (PT)<\/li>\n\n\n\n<li>Carlos Sena Caires, University of Saint Joseph in Macau (MO)<\/li>\n\n\n\n<li>Cecilia de Lima, University of Lisbon (PT)<\/li>\n\n\n\n<li>C\u00e9lio Concei\u00e7\u00e3o, University of Algarve (PT)<\/li>\n\n\n\n<li>Cleomar Rocha, Federal University of Goi\u00e1s (BR)<\/li>\n\n\n\n<li>Clara Trigo, Federal University of Bahia (BR)<\/li>\n\n\n\n<li>Cristina S\u00e1, Universidade Cat\u00f3lica Portuguesa \u2013 Porto (PT)<\/li>\n\n\n\n<li>Daniel Brand\u00e3o, University of Minho (PT)<\/li>\n\n\n\n<li>David Farinha, University of Saint Joseph in Macao (MO)<\/li>\n\n\n\n<li>David Mould, Carleton University (CA)<\/li>\n\n\n\n<li>Denis Zuev, University of Saint Joseph in Macao (MO)<\/li>\n\n\n\n<li>Dorotea Souza Bastos, Federal University of Rec\u00f4ncavo da Bahia (BR)<\/li>\n\n\n\n<li>Diogo Marques, University of Coimbra (PT)<\/li>\n\n\n\n<li>Eduardo Lima, Federal University of S\u00e3o Jo\u00e3o del-Rei (BR)<\/li>\n\n\n\n<li>Em\u00edlia Sim\u00e3o, Portucalense University (PT)<\/li>\n\n\n\n<li>Filipa Martins de Abreu, University of Saint Joseph in Macao (MO) <\/li>\n\n\n\n<li>Gabriela Borges, Federal University of Juiz de Fora (BR)<\/li>\n\n\n\n<li>Gavin Perin, University of Technology Sydney (AU)<\/li>\n\n\n\n<li>Gerald Estadieu, University of Saint Joseph in Macau (MO)<\/li>\n\n\n\n<li>Gilbertto Prado, University of S\u00e3o Paulo (BR)<\/li>\n\n\n\n<li>Gilvano Dalagna, University of Aveiro (PT)<\/li>\n\n\n\n<li>Heitor Alvelos, University of Porto (PT)<\/li>\n\n\n\n<li>Helena Barranha, Nova University of Lisbon (PT)<\/li>\n\n\n\n<li>Henrique Portovedo, University of Aveiro (PT)<\/li>\n\n\n\n<li>Hernando Urrutia, Portucalense University (PT)<\/li>\n\n\n\n<li>Hosana Celeste Oliveira, Paulista State University (BR)<\/li>\n\n\n\n<li>In\u00eas Guerra Santos, University Institute of Maia (PT)<\/li>\n\n\n\n<li>Ionat Zurr, University of Western Australia (AU)<\/li>\n\n\n\n<li>Isabel Azevedo, University of Porto (PT)<\/li>\n\n\n\n<li>Isabel Cristina Carvalho, Portuguese Open University (PT)<\/li>\n\n\n\n<li>Isabel Soveral, University of Aveiro (PT)<\/li>\n\n\n\n<li>Ivan Franco, McGill University (CA)<\/li>\n\n\n\n<li>Joana Pestana, University of Kingston (UK)<\/li>\n\n\n\n<li>Jo\u00e3o Cordeiro, University of West London (UK)<\/li>\n\n\n\n<li>Jo\u00e3o Paulo Queiroz, University of Lisbon (PT)<\/li>\n\n\n\n<li>Jorge Carrega, University of Algarve (PT)<\/li>\n\n\n\n<li>Jos\u00e9 Alberto Gomes, Universidade Cat\u00f3lica Portuguesa (PT)<\/li>\n\n\n\n<li>Jos\u00e9 Bidarra, Portuguese Open University (PT)<\/li>\n\n\n\n<li>Jos\u00e9 Carlos Neves, CICANT, Lus\u00f3fona University (PT)<\/li>\n\n\n\n<li>Jos\u00e9 Gomes Pinto, CICANT, Lus\u00f3fona University (PT) <\/li>\n\n\n\n<li>Jos\u00e9 Pereira, Polytechnic Institute of Viseu (PT)<\/li>\n\n\n\n<li>Leonel Morgado, Portuguese Open University (PT)<\/li>\n\n\n\n<li>Lucas Fabian Olivero, Portuguese Open University (PT)<\/li>\n\n\n\n<li>Lucia Pimentel, Federal University of Minas Gerais (BR)<\/li>\n\n\n\n<li>Lucia Santaella, Pontifical Catholic University of S\u00e3o Paulo (BR)<\/li>\n\n\n\n<li>Ludmila Pimentel, Federal University of Bahia (BR)<\/li>\n\n\n\n<li>Lu\u00eds Teixeira, Universidade Cat\u00f3lica de Portugal (PT)<\/li>\n\n\n\n<li>Madalena Oliveira, University of Minho (PT)<\/li>\n\n\n\n<li>Marcos Mortensen Steagall, Auckland University of Technology (NZ)<\/li>\n\n\n\n<li>Marcos Mucheroni, University of S\u00e3o Paulo (BR)<\/li>\n\n\n\n<li>Maria Am\u00e9lia Bulh\u00f5es, Federal University of Rio Grande do Sul (BR)<\/li>\n\n\n\n<li>Maria De Lambert, Polytechnic Institute of Porto (PT)<\/li>\n\n\n\n<li>Maria Manuela Lopes, Polytechnic Institute of Porto (PT)<\/li>\n\n\n\n<li>Masood Masoodian, University of Aalto (FI)<\/li>\n\n\n\n<li>Martsamrit Pasupa, King Mongkut\u2019s University of Technology Thonburi (TH)<\/li>\n\n\n\n<li>Miguel Carvalhais, University of Porto (PT)<\/li>\n\n\n\n<li>Milton Sogabe, Anhembi Morumbi University (BR)<\/li>\n\n\n\n<li>Mirian Tavares, University of Algarve (PT)<\/li>\n\n\n\n<li>Mirtes Marins de Oliveira, Anhembi Morumbi University (BR)<\/li>\n\n\n\n<li>M\u00f3nica Mendes, University of Lisbon (PT)<\/li>\n\n\n\n<li>N\u00e9 Barros, Balleteatro, Balleteatro, ESAD &#8211; School of Arts and Design (PT)<\/li>\n\n\n\n<li>Nelson Zagalo, University of Aveiro (PT)<\/li>\n\n\n\n<li>Noeli Batista dos Santos, Federal University of Goi\u00e1s (BR)<\/li>\n\n\n\n<li>Nuno Correia, Nova University of Lisbon (PT)<\/li>\n\n\n\n<li>Nuno Martins, Polytechnic Institute of C\u00e1vado and Ave (PT)<\/li>\n\n\n\n<li>\u00d3scar Mealha, University of Aveiro (PT)<\/li>\n\n\n\n<li>Pablo Gobira, Federal University of Minas Gerais (BR)<\/li>\n\n\n\n<li>Paulo Bernardino Bastos, University of Aveiro (PT)<\/li>\n\n\n\n<li>Paulo Ferreira-Lopes, University of Applied Sciences Mainz (DE)<\/li>\n\n\n\n<li>Paulo Teles, State University of Campinas (BR)<\/li>\n\n\n\n<li>Patr\u00edcia Gouveia, University of Lisboa (PT) <\/li>\n\n\n\n<li>Pedro Andrade, Universidade do Minho (PT) <\/li>\n\n\n\n<li>Pedro Cabral Santo, University of Algarve (PT) <\/li>\n\n\n\n<li>Pedro Pais Correia, CIAC, University of Algarve (PT)<\/li>\n\n\n\n<li>Penousal Machado, University of Coimbra (PT)<\/li>\n\n\n\n<li>Priscila Arantes, Anhembi Morumbi University (BR)<\/li>\n\n\n\n<li>Ralf Doerner, Rhein-Main University of Applied Sciences (DE)<\/li>\n\n\n\n<li>Regilene Sarzi Ribeiro, S\u00e3o Paulo State University (BR)<\/li>\n\n\n\n<li>Ricardo Alexino Ferreira, University of S\u00e3o Paulo (BR)<\/li>\n\n\n\n<li>Rosana H. Monteiro, Universidade Federal de Goi\u00e1s (BR)<\/li>\n\n\n\n<li>Rosangella Leote, Universidade Estadual Paulista (BR)<\/li>\n\n\n\n<li>Rui Travasso, Polytechnic Institute of Beja (PT)<\/li>\n\n\n\n<li>Sandra Ng, University of Saint Joseph in Macao (MO)<\/li>\n\n\n\n<li>S\u00e9rgio Eliseu, University of Aveiro (PT)<\/li>\n\n\n\n<li>S\u00edlvia Leiria Viegas, University of Algarve (PT)<\/li>\n\n\n\n<li>Sol Alonso Romera, University of Vigo (ES)<\/li>\n\n\n\n<li>Suzete Venturelli, University Anhembi Morumbi (BR)<\/li>\n\n\n\n<li>Teresa Barradas, Polytechnic University of Beja (PT)<\/li>\n\n\n\n<li>Thuy Anh, University of Economics Ho Chi Minh City (VN)<\/li>\n\n\n\n<li>Tiago Caldas Nunes, Politechnic University of Beja \/ ACM (PT)<\/li>\n\n\n\n<li>Tiago Cruz, University Institute of Maia (PT)<\/li>\n\n\n\n<li>Victoria Vesna, University of California in Los Angeles (USA)<\/li>\n\n\n\n<li>V\u00edtor\u00a0S\u00e1, Polytechnic University of Porto (PT)<\/li>\n<\/ul>\n\n\n\n<p class=\"has-black-color has-text-color has-link-color wp-elements-735e4eba2a7f3b22fa6634e086da6529\" style=\"font-size:16px\"><strong>Curatorship of Artworks Chairs:<\/strong><\/p>\n\n\n\n<ul style=\"font-size:16px\" class=\"wp-block-list has-black-color has-text-color has-link-color wp-elements-9e77c2ef4a26883a39dbc071087f44d5\">\n<li>Teresa Barradas, Politechnic University of Beja \/ ACM (PT) <\/li>\n\n\n\n<li>Pedro Alves da Veiga, Portuguese Open University (PT)<\/li>\n<\/ul>\n\n\n\n<p class=\"has-black-color has-text-color has-link-color wp-elements-0bae7df421ac18d10de7058b6b993930\" style=\"font-size:16px\"><strong>Web Chairs:<\/strong><\/p>\n\n\n\n<ul style=\"font-size:16px\" class=\"wp-block-list has-black-color has-text-color has-link-color wp-elements-0bf0d56288cf718ff2a775f53c47b197\">\n<li>Selma Pereira, CICANT, ISMAT- Ensino Lus\u00f3fona (PT) <\/li>\n\n\n\n<li>Filipa Martins de Abreu, University of Saint Joseph in Macao (MO)<\/li>\n<\/ul>\n\n\n\n<p class=\"has-black-color has-text-color has-link-color wp-elements-b518a4e2fdedeb0ec9801129e8116c56\" style=\"font-size:16px\"><strong>Social Media Network Chairs:<\/strong><\/p>\n\n\n\n<ul style=\"font-size:16px\" class=\"wp-block-list has-black-color has-text-color has-link-color wp-elements-64118b03b0819c7c08f7703c234a4039\">\n<li>Selma Pereira, CICANT, ISMAT- Ensino Lus\u00f3fona (PT)<\/li>\n\n\n\n<li>Em\u00edlia Sim\u00e3o, Portucalense University (PT)<\/li>\n<\/ul>\n\n\n\n<p class=\"has-black-color has-text-color has-link-color wp-elements-7b1a958316ed8cfbc836b20c38271a3f\" style=\"font-size:16px\"><strong>Local Organisation:<\/strong><\/p>\n\n\n\n<ul style=\"font-size:16px\" class=\"wp-block-list has-black-color has-text-color has-link-color wp-elements-0657d3609e792f1423944ba7ae74320c\">\n<li>Tiago Caldas Nunes, Politechnic University of Beja \/ ACM (PT) (<strong>Chairman<\/strong>)<\/li>\n\n\n\n<li>Ana Perfeito, Politechnic University of Beja \/ ACM (PT) (<strong>Local Co-Chairman<\/strong>)<\/li>\n\n\n\n<li>Students of the Audiovisual and Multimedia<\/li>\n\n\n\n<li>Secretariat of ACM<\/li>\n<\/ul>\n\n\n\n<p class=\"has-black-color has-text-color has-link-color wp-elements-05fc3254047bc5e3251d8411b4ef7962\" style=\"font-size:16px\"><strong>Artech Steering Committee:<\/strong><\/p>\n\n\n\n<ul style=\"font-size:16px\" class=\"wp-block-list has-black-color has-text-color has-link-color wp-elements-486fecee629cd24aefbdd503a773d14e\">\n<li>Ad\u00e9rito Fernandes-Marcos, University of Saint Joseph in Macao (MO) (Chairman)<\/li>\n\n\n\n<li>\u00c1lvaro Barbosa, University of Saint Joseph in Macao (MO)<\/li>\n\n\n\n<li>Christa Sommerer, University of Art and Industrial Design (AT)<\/li>\n\n\n\n<li>Henrique Silva, Cerveira Biennial of Arts (PT)<\/li>\n\n\n\n<li>Lola Dopico Arneiros, University of Vigo (ES)<\/li>\n\n\n\n<li>Nuno Correia, Nova Lisbon University (PT)<\/li>\n\n\n\n<li>Seamus Ross, University of Toronto (CA)<\/li>\n\n\n\n<li>Mirian Tavares, University of Algarve (PT)<\/li>\n<\/ul>\n\n\n\n<figure class=\"wp-block-image size-large\"><img loading=\"lazy\" decoding=\"async\" width=\"1024\" height=\"320\" src=\"https:\/\/2026.artefacto-conf.org\/wp-content\/uploads\/2026\/03\/banner-titulos-artefacto-4-1024x320.png\" alt=\"\" class=\"wp-image-4405\" srcset=\"https:\/\/2026.artefacto-conf.org\/wp-content\/uploads\/2026\/03\/banner-titulos-artefacto-4-1024x320.png 1024w, https:\/\/2026.artefacto-conf.org\/wp-content\/uploads\/2026\/03\/banner-titulos-artefacto-4-300x94.png 300w, https:\/\/2026.artefacto-conf.org\/wp-content\/uploads\/2026\/03\/banner-titulos-artefacto-4-768x240.png 768w, https:\/\/2026.artefacto-conf.org\/wp-content\/uploads\/2026\/03\/banner-titulos-artefacto-4-1536x480.png 1536w, https:\/\/2026.artefacto-conf.org\/wp-content\/uploads\/2026\/03\/banner-titulos-artefacto-4.png 1920w\" sizes=\"auto, (max-width: 1024px) 100vw, 1024px\" \/><\/figure>\n","protected":false},"excerpt":{"rendered":"<p>ARTeFACTo 2026 Organization Institutions: Honorary Chairman: Conference Chairs: International Scientific and Art Committee: Committee Members: Curatorship of Artworks Chairs: Web Chairs: Social Media Network Chairs: Local Organisation: Artech Steering Committee:<\/p>\n","protected":false},"author":1,"featured_media":0,"parent":0,"menu_order":0,"comment_status":"closed","ping_status":"closed","template":"","meta":{"footnotes":""},"class_list":["post-4349","page","type-page","status-publish","hentry"],"_links":{"self":[{"href":"https:\/\/2026.artefacto-conf.org\/index.php\/wp-json\/wp\/v2\/pages\/4349","targetHints":{"allow":["GET"]}}],"collection":[{"href":"https:\/\/2026.artefacto-conf.org\/index.php\/wp-json\/wp\/v2\/pages"}],"about":[{"href":"https:\/\/2026.artefacto-conf.org\/index.php\/wp-json\/wp\/v2\/types\/page"}],"author":[{"embeddable":true,"href":"https:\/\/2026.artefacto-conf.org\/index.php\/wp-json\/wp\/v2\/users\/1"}],"replies":[{"embeddable":true,"href":"https:\/\/2026.artefacto-conf.org\/index.php\/wp-json\/wp\/v2\/comments?post=4349"}],"version-history":[{"count":10,"href":"https:\/\/2026.artefacto-conf.org\/index.php\/wp-json\/wp\/v2\/pages\/4349\/revisions"}],"predecessor-version":[{"id":4515,"href":"https:\/\/2026.artefacto-conf.org\/index.php\/wp-json\/wp\/v2\/pages\/4349\/revisions\/4515"}],"wp:attachment":[{"href":"https:\/\/2026.artefacto-conf.org\/index.php\/wp-json\/wp\/v2\/media?parent=4349"}],"curies":[{"name":"wp","href":"https:\/\/api.w.org\/{rel}","templated":true}]}}